{"id":1059,"date":"2021-07-12T12:57:04","date_gmt":"2021-07-12T12:57:04","guid":{"rendered":"https:\/\/szablon.pawelkepa.pl\/demo1\/?page_id=335"},"modified":"2025-07-10T22:57:40","modified_gmt":"2025-07-10T20:57:40","slug":"strona-glowna-2","status":"publish","type":"page","link":"https:\/\/przystanzdrowia.com\/","title":{"rendered":"Strona g\u0142\u00f3wna"},"content":{"rendered":"\n<hr class=\"wp-block-separator has-alpha-channel-opacity\"\/>\n\n\n\n<h2 class=\"wp-block-heading\">Ostatnie wpisy<\/h2>\n\n\n<ul class=\"wp-block-latest-posts__list wp-block-latest-posts\"><li><a class=\"wp-block-latest-posts__post-title\" href=\"https:\/\/przystanzdrowia.com\/?p=658\">Stomia w domu \u2013 jak wygl\u0105da opieka piel\u0119gniarska z dojazdem?<\/a><\/li>\n<li><a class=\"wp-block-latest-posts__post-title\" href=\"https:\/\/przystanzdrowia.com\/?p=404\">Najcz\u0119stsze b\u0142\u0119dy w piel\u0119gnacji stomii \u2013 jak ich unikn\u0105\u0107?<\/a><\/li>\n<li><a class=\"wp-block-latest-posts__post-title\" href=\"https:\/\/przystanzdrowia.com\/?p=1054\">Jak rozmawia\u0107 z dzieckiem o stomii?<\/a><\/li>\n<li><a class=\"wp-block-latest-posts__post-title\" href=\"https:\/\/przystanzdrowia.com\/?p=55\">Zastrzyki w domu \u2013 kiedy warto skorzysta\u0107 z pomocy piel\u0119gniarki?<\/a><\/li>\n<li><a class=\"wp-block-latest-posts__post-title\" href=\"https:\/\/przystanzdrowia.com\/?p=1051\">Jak prawid\u0142owo dba\u0107 o ran\u0119 pooperacyjn\u0105?<\/a><\/li>\n<\/ul>\n\n\n<hr class=\"wp-block-separator has-alpha-channel-opacity\"\/>\n\n\n\n<p>CENNIK US\u0141UG<\/p>\n\n\n\n<figure class=\"wp-block-table\"><table class=\"has-fixed-layout\"><tbody><tr><td>Us\u0142uga<\/td><td>Cena<\/td><\/tr><tr><td>Konsultacja<\/td><td>100 z\u0142<\/td><\/tr><tr><td>Zmiana opatrunku<\/td><td>od 40 z\u0142<\/td><\/tr><tr><td>Iniekcja podsk\u00f3rna\/domi\u0119\u015bniowa<\/td><td>50 z\u0142<\/td><\/tr><tr><td>Iniekcja do\u017cylna<\/td><td>od 60 z\u0142<\/td><\/tr><tr><td>Zmiana worka stomijnego<\/td><td>od 100 z\u0142<\/td><\/tr><tr><td>Dojazd<\/td><td>100 z\u0142<\/td><\/tr><\/tbody><\/table><\/figure>\n","protected":false},"excerpt":{"rendered":"<p>Ostatnie wpisy CENNIK US\u0141UG Us\u0142uga Cena Konsultacja 100 z\u0142 Zmiana opatrunku od 40 z\u0142 Iniekcja podsk\u00f3rna\/domi\u0119\u015bniowa 50 z\u0142 Iniekcja do\u017cylna [&hellip;]<\/p>\n","protected":false},"author":1,"featured_media":0,"parent":0,"menu_order":0,"comment_status":"closed","ping_status":"closed","template":"","meta":{"footnotes":""},"class_list":["post-1059","page","type-page","status-publish","hentry"],"_links":{"self":[{"href":"https:\/\/przystanzdrowia.com\/index.php?rest_route=\/wp\/v2\/pages\/1059","targetHints":{"allow":["GET"]}}],"collection":[{"href":"https:\/\/przystanzdrowia.com\/index.php?rest_route=\/wp\/v2\/pages"}],"about":[{"href":"https:\/\/przystanzdrowia.com\/index.php?rest_route=\/wp\/v2\/types\/page"}],"author":[{"embeddable":true,"href":"https:\/\/przystanzdrowia.com\/index.php?rest_route=\/wp\/v2\/users\/1"}],"replies":[{"embeddable":true,"href":"https:\/\/przystanzdrowia.com\/index.php?rest_route=%2Fwp%2Fv2%2Fcomments&post=1059"}],"version-history":[{"count":6,"href":"https:\/\/przystanzdrowia.com\/index.php?rest_route=\/wp\/v2\/pages\/1059\/revisions"}],"predecessor-version":[{"id":1122,"href":"https:\/\/przystanzdrowia.com\/index.php?rest_route=\/wp\/v2\/pages\/1059\/revisions\/1122"}],"wp:attachment":[{"href":"https:\/\/przystanzdrowia.com\/index.php?rest_route=%2Fwp%2Fv2%2Fmedia&parent=1059"}],"curies":[{"name":"wp","href":"https:\/\/api.w.org\/{rel}","templated":true}]}}